{"id":876,"date":"2024-01-25T10:46:05","date_gmt":"2024-01-25T09:46:05","guid":{"rendered":"https:\/\/jm-academy.fr\/?post_type=product&#038;p=876"},"modified":"2024-01-25T14:10:17","modified_gmt":"2024-01-25T13:10:17","slug":"formation-decoration-design-dinterieur","status":"publish","type":"product","link":"https:\/\/jm-academy.fr\/?product=formation-decoration-design-dinterieur","title":{"rendered":"Formation D\u00e9coration\/Design d&#8217;int\u00e9rieur"},"content":{"rendered":"<article class=\"mb-10\" data-v-3b7e91aa=\"\">\n<h2 class=\"title is-custom is-4 is-size-5-touch mb-3\" data-v-3b7e91aa=\"\">\u00c0 qui cette formation s&#8217;adresse-t-elle ?<\/h2>\n<div class=\"content\" data-v-3b7e91aa=\"\">\n<p>Aujourd\u2019hui, je veux aider d\u2019autres personnes qui, comme moi, ont soif d\u2019apprendre et veulent donner un nouveau tournant \u00e0 leur carri\u00e8re, quel que soit leur niveau.<\/p>\n<\/div>\n<\/article>\n<article class=\"mb-10\" data-v-3b7e91aa=\"\">\n<h2 class=\"title is-custom is-4 is-size-5-touch mb-3\" data-v-3b7e91aa=\"\">Pr\u00e9requis<\/h2>\n<div class=\"content\" data-v-3b7e91aa=\"\">\n<ul>\n<li>\u00catre organis\u00e9 et autonome<\/li>\n<li>Utilisation courante de l\u2019ordinateur<\/li>\n<\/ul>\n<p><strong>Modalit\u00e9s d&#8217;\u00e9valuation :<\/strong><\/p>\n<ul>\n<li>\u00c9valuation continue (exercices et tests inclus dans chaque module) +<\/li>\n<li>\u00c9valuation finale<\/li>\n<\/ul>\n<p>A la fin de la formation, l&#8217;apprenant devra r\u00e9aliser un projet de d\u00e9coration<\/p>\n<p>d&#8217;int\u00e9rieur, il faudra pr\u00e9senter un dossier complet comprenant :<\/p>\n<p>1. La demande du client<\/p>\n<p>2. Le cahier des charges<\/p>\n<p>3. Un moodboard<\/p>\n<p>4. Un plan 2d<\/p>\n<p>5. Un plan 3D, mod\u00e9liser \u00e0 l\u2019aide des logiciels adapt\u00e9s<\/p>\n<p>6. Une shopping liste<\/p>\n<p>7. Le suivi du projet<\/p>\n<ul>\n<li>L&#8217;oral de fin de formation :<\/li>\n<\/ul>\n<p>L&#8217;apprenant devra expliquer \u00e0 l&#8217;oral son projet (30 minutes d&#8217;oral et 30 minutes de questions\/r\u00e9ponses).<\/p>\n<p><strong>Accessibilit\u00e9 aux personnes en situation de handicap :<\/strong><\/p>\n<p>Nous nous engageons \u00e0 mettre en \u0153uvre ce qu\u2019il nous est possible afin de permettre l\u2019accessibilit\u00e9 de nos formations aux personnes en situation de handicap, en fonction des besoins et compte tenu des difficult\u00e9s particuli\u00e8res li\u00e9es au handicap. N\u2019h\u00e9sitez pas \u00e0 nous signaler votre handicap d\u00e8s le premier contact.<\/p>\n<p><strong>Personnalisation de la formation :<\/strong><\/p>\n<p>Notre offre de formation peut \u00eatre adapt\u00e9e et personnalis\u00e9e selon vos besoin, que ce soit en temps, en contenu, ou en modalit\u00e9s.<\/p>\n<\/div>\n<\/article>\n","protected":false},"excerpt":{"rendered":"<h2 class=\"title is-custom is-4 is-size-5-touch mb-3\" data-v-3b7e91aa=\"\">Objectifs de la formation<\/h2>\n<div class=\"content\" data-v-3b7e91aa=\"\">\n<p><strong><u>A distance ou en pr\u00e9sentiel<\/u><\/strong><\/p>\n<p>La JM Academy est l\u2019\u00e9cole en ligne des passionn\u00e9es par le design d\u2019int\u00e9rieur<\/p>\n<p>En int\u00e9grant le programme, vous apprendrez \u00e0 :<\/p>\n<ul>\n<li>Reconna\u00eetre les diff\u00e9rents styles de design<\/li>\n<li>Savoir associer les couleurs, les mobiliers et les \u00e9clairages pour r\u00e9ussir \u00e0 cr\u00e9er des combinaisons optimales<\/li>\n<li>Savoir dessiner des plans \u00e0 la main<\/li>\n<li>Analyser des projets clients en situation r\u00e9elle<\/li>\n<li>Concevoir l\u2019am\u00e9nagement et la d\u00e9coration d\u2019un espace de mani\u00e8re autonome<\/li>\n<li>Ma\u00eetriser la gestion d\u2019un suivi de projet<\/li>\n<li>\u00c9laborer son ebook, construire ses offres, travailler sur son avatar client et se lancer sur les r\u00e9seaux sociaux<\/li>\n<\/ul>\n<p>Ce n\u2019est qu\u2019un petit aper\u00e7u de toutes les belles surprises qu\u2019on vous r\u00e9serve.<br \/>\nNous n\u2019avons qu\u2019un seul objectif : faire de vous la d\u00e9coratrice d\u2019int\u00e9rieur que le monde enviera<\/p>\n<\/div>\n<p><strong>Dur\u00e9e<\/strong><\/p>\n<p>La dur\u00e9e de la formation est de 400 heures.<\/p>\n","protected":false},"featured_media":567,"comment_status":"open","ping_status":"closed","template":"","meta":{"site-sidebar-layout":"default","site-content-layout":"","ast-site-content-layout":"default","site-content-style":"default","site-sidebar-style":"default","ast-global-header-display":"","ast-banner-title-visibility":"","ast-main-header-display":"","ast-hfb-above-header-display":"","ast-hfb-below-header-display":"","ast-hfb-mobile-header-display":"","site-post-title":"","ast-breadcrumbs-content":"","ast-featured-img":"","footer-sml-layout":"","theme-transparent-header-meta":"default","adv-header-id-meta":"","stick-header-meta":"","header-above-stick-meta":"","header-main-stick-meta":"","header-below-stick-meta":"","astra-migrate-meta-layouts":"set","ast-page-background-enabled":"default","ast-page-background-meta":{"desktop":{"background-color":"var(--ast-global-color-4)","background-image":"","background-repeat":"repeat","background-position":"center center","background-size":"auto","background-attachment":"scroll","background-type":"","background-media":"","overlay-type":"","overlay-color":"","overlay-opacity":"","overlay-gradient":""},"tablet":{"background-color":"","background-image":"","background-repeat":"repeat","background-position":"center center","background-size":"auto","background-attachment":"scroll","background-type":"","background-media":"","overlay-type":"","overlay-color":"","overlay-opacity":"","overlay-gradient":""},"mobile":{"background-color":"","background-image":"","background-repeat":"repeat","background-position":"center center","background-size":"auto","background-attachment":"scroll","background-type":"","background-media":"","overlay-type":"","overlay-color":"","overlay-opacity":"","overlay-gradient":""}},"ast-content-background-meta":{"desktop":{"background-color":"var(--ast-global-color-5)","background-image":"","background-repeat":"repeat","background-position":"center center","background-size":"auto","background-attachment":"scroll","background-type":"","background-media":"","overlay-type":"","overlay-color":"","overlay-opacity":"","overlay-gradient":""},"tablet":{"background-color":"var(--ast-global-color-5)","background-image":"","background-repeat":"repeat","background-position":"center center","background-size":"auto","background-attachment":"scroll","background-type":"","background-media":"","overlay-type":"","overlay-color":"","overlay-opacity":"","overlay-gradient":""},"mobile":{"background-color":"var(--ast-global-color-5)","background-image":"","background-repeat":"repeat","background-position":"center center","background-size":"auto","background-attachment":"scroll","background-type":"","background-media":"","overlay-type":"","overlay-color":"","overlay-opacity":"","overlay-gradient":""}},"_themeisle_gutenberg_block_has_review":false},"product_cat":[22],"product_tag":[],"class_list":{"0":"post-876","1":"product","2":"type-product","3":"status-publish","4":"has-post-thumbnail","6":"product_cat-nos-formations","7":"desktop-align-left","8":"tablet-align-left","9":"mobile-align-left","11":"first","12":"instock","13":"virtual","14":"purchasable","15":"product-type-simple"},"yoast_head":"<!-- This site is optimized with the Yoast SEO plugin v23.1 - https:\/\/yoast.com\/wordpress\/plugins\/seo\/ -->\n<title>Formation D\u00e9coration\/Design d&#039;int\u00e9rieur - JM ACADEMY<\/title>\n<meta name=\"robots\" content=\"index, follow, max-snippet:-1, max-image-preview:large, max-video-preview:-1\" \/>\n<link rel=\"canonical\" href=\"https:\/\/jm-academy.fr\/?product=formation-decoration-design-dinterieur\" \/>\n<meta property=\"og:locale\" content=\"fr_FR\" \/>\n<meta property=\"og:type\" content=\"article\" \/>\n<meta property=\"og:title\" content=\"Formation D\u00e9coration\/Design d&#039;int\u00e9rieur - JM ACADEMY\" \/>\n<meta property=\"og:description\" content=\"Objectifs de la formation   A distance ou en pr\u00e9sentiel  La JM Academy est l\u2019\u00e9cole en ligne des passionn\u00e9es par le design d\u2019int\u00e9rieur  En int\u00e9grant le programme, vous apprendrez \u00e0 :   Reconna\u00eetre les diff\u00e9rents styles de design  Savoir associer les couleurs, les mobiliers et les \u00e9clairages pour r\u00e9ussir \u00e0 cr\u00e9er des combinaisons optimales  Savoir dessiner des plans \u00e0 la main  Analyser des projets clients en situation r\u00e9elle  Concevoir l\u2019am\u00e9nagement et la d\u00e9coration d\u2019un espace de mani\u00e8re autonome  Ma\u00eetriser la gestion d\u2019un suivi de projet  \u00c9laborer son ebook, construire ses offres, travailler sur son avatar client et se lancer sur les r\u00e9seaux sociaux  Ce n\u2019est qu\u2019un petit aper\u00e7u de toutes les belles surprises qu\u2019on vous r\u00e9serve. Nous n\u2019avons qu\u2019un seul objectif : faire de vous la d\u00e9coratrice d\u2019int\u00e9rieur que le monde enviera   Dur\u00e9e  La dur\u00e9e de la formation est de 400 heures.\" \/>\n<meta property=\"og:url\" content=\"https:\/\/jm-academy.fr\/?product=formation-decoration-design-dinterieur\" \/>\n<meta property=\"og:site_name\" content=\"JM ACADEMY\" \/>\n<meta property=\"article:modified_time\" content=\"2024-01-25T13:10:17+00:00\" \/>\n<meta property=\"og:image\" content=\"http:\/\/jm-academy.fr\/wp-content\/uploads\/2024\/01\/IMG_0106-e1706016466796.jpg\" \/>\n\t<meta property=\"og:image:width\" content=\"1534\" \/>\n\t<meta property=\"og:image:height\" content=\"1743\" \/>\n\t<meta property=\"og:image:type\" content=\"image\/jpeg\" \/>\n<meta name=\"twitter:card\" content=\"summary_large_image\" \/>\n<meta name=\"twitter:label1\" content=\"Dur\u00e9e de lecture estim\u00e9e\" \/>\n\t<meta name=\"twitter:data1\" content=\"1 minute\" \/>\n<script type=\"application\/ld+json\" class=\"yoast-schema-graph\">{\"@context\":\"https:\/\/schema.org\",\"@graph\":[{\"@type\":\"WebPage\",\"@id\":\"https:\/\/jm-academy.fr\/?product=formation-decoration-design-dinterieur\",\"url\":\"https:\/\/jm-academy.fr\/?product=formation-decoration-design-dinterieur\",\"name\":\"Formation D\u00e9coration\/Design d'int\u00e9rieur - JM ACADEMY\",\"isPartOf\":{\"@id\":\"https:\/\/jm-academy.fr\/#website\"},\"primaryImageOfPage\":{\"@id\":\"https:\/\/jm-academy.fr\/?product=formation-decoration-design-dinterieur#primaryimage\"},\"image\":{\"@id\":\"https:\/\/jm-academy.fr\/?product=formation-decoration-design-dinterieur#primaryimage\"},\"thumbnailUrl\":\"https:\/\/jm-academy.fr\/wp-content\/uploads\/2024\/01\/IMG_0106-e1706016466796.jpg\",\"datePublished\":\"2024-01-25T09:46:05+00:00\",\"dateModified\":\"2024-01-25T13:10:17+00:00\",\"breadcrumb\":{\"@id\":\"https:\/\/jm-academy.fr\/?product=formation-decoration-design-dinterieur#breadcrumb\"},\"inLanguage\":\"fr-FR\",\"potentialAction\":[{\"@type\":\"ReadAction\",\"target\":[\"https:\/\/jm-academy.fr\/?product=formation-decoration-design-dinterieur\"]}]},{\"@type\":\"ImageObject\",\"inLanguage\":\"fr-FR\",\"@id\":\"https:\/\/jm-academy.fr\/?product=formation-decoration-design-dinterieur#primaryimage\",\"url\":\"https:\/\/jm-academy.fr\/wp-content\/uploads\/2024\/01\/IMG_0106-e1706016466796.jpg\",\"contentUrl\":\"https:\/\/jm-academy.fr\/wp-content\/uploads\/2024\/01\/IMG_0106-e1706016466796.jpg\",\"width\":1534,\"height\":1743},{\"@type\":\"BreadcrumbList\",\"@id\":\"https:\/\/jm-academy.fr\/?product=formation-decoration-design-dinterieur#breadcrumb\",\"itemListElement\":[{\"@type\":\"ListItem\",\"position\":1,\"name\":\"Accueil\",\"item\":\"https:\/\/jm-academy.fr\/\"},{\"@type\":\"ListItem\",\"position\":2,\"name\":\"Produits\",\"item\":\"https:\/\/jm-academy.fr\/?post_type=product\"},{\"@type\":\"ListItem\",\"position\":3,\"name\":\"Formation D\u00e9coration\/Design d&#8217;int\u00e9rieur\"}]},{\"@type\":\"WebSite\",\"@id\":\"https:\/\/jm-academy.fr\/#website\",\"url\":\"https:\/\/jm-academy.fr\/\",\"name\":\"JM ACADEMY\",\"description\":\"Laissez briller votre signature\",\"publisher\":{\"@id\":\"https:\/\/jm-academy.fr\/#organization\"},\"potentialAction\":[{\"@type\":\"SearchAction\",\"target\":{\"@type\":\"EntryPoint\",\"urlTemplate\":\"https:\/\/jm-academy.fr\/?s={search_term_string}\"},\"query-input\":\"required name=search_term_string\"}],\"inLanguage\":\"fr-FR\"},{\"@type\":\"Organization\",\"@id\":\"https:\/\/jm-academy.fr\/#organization\",\"name\":\"JM ACADEMY\",\"url\":\"https:\/\/jm-academy.fr\/\",\"logo\":{\"@type\":\"ImageObject\",\"inLanguage\":\"fr-FR\",\"@id\":\"https:\/\/jm-academy.fr\/#\/schema\/logo\/image\/\",\"url\":\"https:\/\/jm-academy.fr\/wp-content\/uploads\/2024\/01\/cropped-2.png\",\"contentUrl\":\"https:\/\/jm-academy.fr\/wp-content\/uploads\/2024\/01\/cropped-2.png\",\"width\":594,\"height\":518,\"caption\":\"JM ACADEMY\"},\"image\":{\"@id\":\"https:\/\/jm-academy.fr\/#\/schema\/logo\/image\/\"}}]}<\/script>\n<!-- \/ Yoast SEO plugin. -->","yoast_head_json":{"title":"Formation D\u00e9coration\/Design d'int\u00e9rieur - JM ACADEMY","robots":{"index":"index","follow":"follow","max-snippet":"max-snippet:-1","max-image-preview":"max-image-preview:large","max-video-preview":"max-video-preview:-1"},"canonical":"https:\/\/jm-academy.fr\/?product=formation-decoration-design-dinterieur","og_locale":"fr_FR","og_type":"article","og_title":"Formation D\u00e9coration\/Design d'int\u00e9rieur - JM ACADEMY","og_description":"Objectifs de la formation   A distance ou en pr\u00e9sentiel  La JM Academy est l\u2019\u00e9cole en ligne des passionn\u00e9es par le design d\u2019int\u00e9rieur  En int\u00e9grant le programme, vous apprendrez \u00e0 :   Reconna\u00eetre les diff\u00e9rents styles de design  Savoir associer les couleurs, les mobiliers et les \u00e9clairages pour r\u00e9ussir \u00e0 cr\u00e9er des combinaisons optimales  Savoir dessiner des plans \u00e0 la main  Analyser des projets clients en situation r\u00e9elle  Concevoir l\u2019am\u00e9nagement et la d\u00e9coration d\u2019un espace de mani\u00e8re autonome  Ma\u00eetriser la gestion d\u2019un suivi de projet  \u00c9laborer son ebook, construire ses offres, travailler sur son avatar client et se lancer sur les r\u00e9seaux sociaux  Ce n\u2019est qu\u2019un petit aper\u00e7u de toutes les belles surprises qu\u2019on vous r\u00e9serve. Nous n\u2019avons qu\u2019un seul objectif : faire de vous la d\u00e9coratrice d\u2019int\u00e9rieur que le monde enviera   Dur\u00e9e  La dur\u00e9e de la formation est de 400 heures.","og_url":"https:\/\/jm-academy.fr\/?product=formation-decoration-design-dinterieur","og_site_name":"JM ACADEMY","article_modified_time":"2024-01-25T13:10:17+00:00","og_image":[{"width":1534,"height":1743,"url":"http:\/\/jm-academy.fr\/wp-content\/uploads\/2024\/01\/IMG_0106-e1706016466796.jpg","type":"image\/jpeg"}],"twitter_card":"summary_large_image","twitter_misc":{"Dur\u00e9e de lecture estim\u00e9e":"1 minute"},"schema":{"@context":"https:\/\/schema.org","@graph":[{"@type":"WebPage","@id":"https:\/\/jm-academy.fr\/?product=formation-decoration-design-dinterieur","url":"https:\/\/jm-academy.fr\/?product=formation-decoration-design-dinterieur","name":"Formation D\u00e9coration\/Design d'int\u00e9rieur - JM ACADEMY","isPartOf":{"@id":"https:\/\/jm-academy.fr\/#website"},"primaryImageOfPage":{"@id":"https:\/\/jm-academy.fr\/?product=formation-decoration-design-dinterieur#primaryimage"},"image":{"@id":"https:\/\/jm-academy.fr\/?product=formation-decoration-design-dinterieur#primaryimage"},"thumbnailUrl":"https:\/\/jm-academy.fr\/wp-content\/uploads\/2024\/01\/IMG_0106-e1706016466796.jpg","datePublished":"2024-01-25T09:46:05+00:00","dateModified":"2024-01-25T13:10:17+00:00","breadcrumb":{"@id":"https:\/\/jm-academy.fr\/?product=formation-decoration-design-dinterieur#breadcrumb"},"inLanguage":"fr-FR","potentialAction":[{"@type":"ReadAction","target":["https:\/\/jm-academy.fr\/?product=formation-decoration-design-dinterieur"]}]},{"@type":"ImageObject","inLanguage":"fr-FR","@id":"https:\/\/jm-academy.fr\/?product=formation-decoration-design-dinterieur#primaryimage","url":"https:\/\/jm-academy.fr\/wp-content\/uploads\/2024\/01\/IMG_0106-e1706016466796.jpg","contentUrl":"https:\/\/jm-academy.fr\/wp-content\/uploads\/2024\/01\/IMG_0106-e1706016466796.jpg","width":1534,"height":1743},{"@type":"BreadcrumbList","@id":"https:\/\/jm-academy.fr\/?product=formation-decoration-design-dinterieur#breadcrumb","itemListElement":[{"@type":"ListItem","position":1,"name":"Accueil","item":"https:\/\/jm-academy.fr\/"},{"@type":"ListItem","position":2,"name":"Produits","item":"https:\/\/jm-academy.fr\/?post_type=product"},{"@type":"ListItem","position":3,"name":"Formation D\u00e9coration\/Design d&#8217;int\u00e9rieur"}]},{"@type":"WebSite","@id":"https:\/\/jm-academy.fr\/#website","url":"https:\/\/jm-academy.fr\/","name":"JM ACADEMY","description":"Laissez briller votre signature","publisher":{"@id":"https:\/\/jm-academy.fr\/#organization"},"potentialAction":[{"@type":"SearchAction","target":{"@type":"EntryPoint","urlTemplate":"https:\/\/jm-academy.fr\/?s={search_term_string}"},"query-input":"required name=search_term_string"}],"inLanguage":"fr-FR"},{"@type":"Organization","@id":"https:\/\/jm-academy.fr\/#organization","name":"JM ACADEMY","url":"https:\/\/jm-academy.fr\/","logo":{"@type":"ImageObject","inLanguage":"fr-FR","@id":"https:\/\/jm-academy.fr\/#\/schema\/logo\/image\/","url":"https:\/\/jm-academy.fr\/wp-content\/uploads\/2024\/01\/cropped-2.png","contentUrl":"https:\/\/jm-academy.fr\/wp-content\/uploads\/2024\/01\/cropped-2.png","width":594,"height":518,"caption":"JM ACADEMY"},"image":{"@id":"https:\/\/jm-academy.fr\/#\/schema\/logo\/image\/"}}]}},"jetpack_sharing_enabled":true,"_links":{"self":[{"href":"https:\/\/jm-academy.fr\/index.php?rest_route=\/wp\/v2\/product\/876"}],"collection":[{"href":"https:\/\/jm-academy.fr\/index.php?rest_route=\/wp\/v2\/product"}],"about":[{"href":"https:\/\/jm-academy.fr\/index.php?rest_route=\/wp\/v2\/types\/product"}],"replies":[{"embeddable":true,"href":"https:\/\/jm-academy.fr\/index.php?rest_route=%2Fwp%2Fv2%2Fcomments&post=876"}],"wp:featuredmedia":[{"embeddable":true,"href":"https:\/\/jm-academy.fr\/index.php?rest_route=\/wp\/v2\/media\/567"}],"wp:attachment":[{"href":"https:\/\/jm-academy.fr\/index.php?rest_route=%2Fwp%2Fv2%2Fmedia&parent=876"}],"wp:term":[{"taxonomy":"product_cat","embeddable":true,"href":"https:\/\/jm-academy.fr\/index.php?rest_route=%2Fwp%2Fv2%2Fproduct_cat&post=876"},{"taxonomy":"product_tag","embeddable":true,"href":"https:\/\/jm-academy.fr\/index.php?rest_route=%2Fwp%2Fv2%2Fproduct_tag&post=876"}],"curies":[{"name":"wp","href":"https:\/\/api.w.org\/{rel}","templated":true}]}}